{"id":1609,"date":"2024-07-24T18:47:02","date_gmt":"2024-07-24T18:47:02","guid":{"rendered":"https:\/\/institutoanastacio.com\/?page_id=1609"},"modified":"2024-07-29T23:36:39","modified_gmt":"2024-07-29T23:36:39","slug":"apoio-via-incentivo-fiscal","status":"publish","type":"page","link":"https:\/\/institutoanastacio.com\/en\/nossos-projetos\/apoio-via-incentivo-fiscal\/","title":{"rendered":"Apoio via incentivo fiscal"},"content":{"rendered":"<div data-elementor-type=\"wp-page\" data-elementor-id=\"1609\" class=\"elementor elementor-1609\" data-elementor-post-type=\"page\">\n\t\t\t\t<header class=\"elementor-element elementor-element-6975176 e-flex e-con-boxed elementor-invisible e-con e-parent\" data-id=\"6975176\" data-element_type=\"container\" data-settings=\"{&quot;background_background&quot;:&quot;classic&quot;,&quot;jet_parallax_layout_list&quot;:[],&quot;animation&quot;:&quot;fadeIn&quot;}\">\n\t\t\t\t\t<div class=\"e-con-inner\">\n\t\t\t\t\t<\/div>\n\t\t\t\t<\/header>\n\t\t<div class=\"elementor-element elementor-element-2701001 e-flex e-con-boxed e-con e-parent\" data-id=\"2701001\" data-element_type=\"container\" data-settings=\"{&quot;jet_parallax_layout_list&quot;:[]}\">\n\t\t\t\t\t<div class=\"e-con-inner\">\n\t\t\t\t<div class=\"elementor-element elementor-element-0c2a256 elementor-widget elementor-widget-menu-anchor\" data-id=\"0c2a256\" data-element_type=\"widget\" data-widget_type=\"menu-anchor.default\">\n\t\t\t\t<div class=\"elementor-widget-container\">\n\t\t\t\t\t\t\t<div class=\"elementor-menu-anchor\" id=\"fomentos\"><\/div>\n\t\t\t\t\t\t<\/div>\n\t\t\t\t<\/div>\n\t\t\t\t<div class=\"elementor-element elementor-element-6132087 elementor-widget elementor-widget-heading\" data-id=\"6132087\" data-element_type=\"widget\" data-widget_type=\"heading.default\">\n\t\t\t\t<div class=\"elementor-widget-container\">\n\t\t\t\t\t<h2 class=\"elementor-heading-title elementor-size-default\">Apoio via incentivo fiscal<\/h2>\t\t\t\t<\/div>\n\t\t\t\t<\/div>\n\t\t\t\t<div class=\"elementor-element elementor-element-1544ac8 elementor-widget elementor-widget-text-editor\" data-id=\"1544ac8\" data-element_type=\"widget\" data-widget_type=\"text-editor.default\">\n\t\t\t\t<div class=\"elementor-widget-container\">\n\t\t\t\t\t\t\t\t\t<p>Reconhecemos que nem sempre \u00e9 poss\u00edvel participar de todas as a\u00e7\u00f5es de forma ativa. Por<br>isso, apoiamos diversas ONGs e institui\u00e7\u00f5es trimestralmente atrav\u00e9s de incentivo fiscal. Este<br>financiamento \u00e9 crucial para a realiza\u00e7\u00e3o ou expans\u00e3o de projetos sociais e ambientais que<br>beneficiam a comunidade.<\/p>\t\t\t\t\t\t\t\t<\/div>\n\t\t\t\t<\/div>\n\t\t\t\t<div class=\"elementor-element elementor-element-64829d7 elementor-widget elementor-widget-heading\" data-id=\"64829d7\" data-element_type=\"widget\" data-widget_type=\"heading.default\">\n\t\t\t\t<div class=\"elementor-widget-container\">\n\t\t\t\t\t<h2 class=\"elementor-heading-title elementor-size-default\">Benef\u00edcios do programa:<\/h2>\t\t\t\t<\/div>\n\t\t\t\t<\/div>\n\t\t\t\t<div class=\"elementor-element elementor-element-fd1cf0b elementor-widget elementor-widget-text-editor\" data-id=\"fd1cf0b\" data-element_type=\"widget\" data-widget_type=\"text-editor.default\">\n\t\t\t\t<div class=\"elementor-widget-container\">\n\t\t\t\t\t\t\t\t\t<ul><li>\u00a0Apoio cont\u00ednuo a diversas ONGs e institui\u00e7\u00f5es<\/li><li>Contribui\u00e7\u00e3o para a sustentabilidade de projetos sociais e ambientais<\/li><\/ul>\t\t\t\t\t\t\t\t<\/div>\n\t\t\t\t<\/div>\n\t\t\t\t<div class=\"elementor-element elementor-element-ea0b278 elementor-widget elementor-widget-heading\" data-id=\"ea0b278\" data-element_type=\"widget\" data-widget_type=\"heading.default\">\n\t\t\t\t<div class=\"elementor-widget-container\">\n\t\t\t\t\t<h2 class=\"elementor-heading-title elementor-size-default\">Institui\u00e7\u00f5es j\u00e1 contempladas:<\/h2>\t\t\t\t<\/div>\n\t\t\t\t<\/div>\n\t\t<div class=\"elementor-element elementor-element-bd6b9ad e-con-full e-flex e-con e-child\" data-id=\"bd6b9ad\" data-element_type=\"container\" data-settings=\"{&quot;jet_parallax_layout_list&quot;:[]}\">\n\t\t<div class=\"elementor-element elementor-element-e63a809 e-grid e-con-full e-con e-child\" data-id=\"e63a809\" data-element_type=\"container\" data-settings=\"{&quot;jet_parallax_layout_list&quot;:[]}\">\n\t\t\t\t<div class=\"elementor-element elementor-element-19456be image-hover-title elementor-widget elementor-widget-image\" data-id=\"19456be\" data-element_type=\"widget\" data-widget_type=\"image.default\">\n\t\t\t\t<div class=\"elementor-widget-container\">\n\t\t\t\t\t\t\t\t\t\t\t\t\t\t\t<img fetchpriority=\"high\" decoding=\"async\" width=\"573\" height=\"406\" src=\"https:\/\/institutoanastacio.com\/wp-content\/uploads\/2024\/07\/1.png\" class=\"attachment-large size-large wp-image-1583\" alt=\"Associa\u00e7\u00e3o Beneficente Santa F\u00e9\" srcset=\"https:\/\/institutoanastacio.com\/wp-content\/uploads\/2024\/07\/1.png 573w, https:\/\/institutoanastacio.com\/wp-content\/uploads\/2024\/07\/1-300x213.png 300w, https:\/\/institutoanastacio.com\/wp-content\/uploads\/2024\/07\/1-18x12.png 18w\" sizes=\"(max-width: 573px) 100vw, 573px\" \/>\t\t\t\t\t\t\t\t\t\t\t\t\t\t\t<\/div>\n\t\t\t\t<\/div>\n\t\t\t\t<div class=\"elementor-element elementor-element-849b426 elementor-widget elementor-widget-image\" data-id=\"849b426\" data-element_type=\"widget\" data-widget_type=\"image.default\">\n\t\t\t\t<div class=\"elementor-widget-container\">\n\t\t\t\t\t\t\t\t\t\t\t\t\t\t\t<img decoding=\"async\" width=\"350\" height=\"303\" src=\"https:\/\/institutoanastacio.com\/wp-content\/uploads\/2024\/07\/4.jpg\" class=\"attachment-large size-large wp-image-1586\" alt=\"\" srcset=\"https:\/\/institutoanastacio.com\/wp-content\/uploads\/2024\/07\/4.jpg 350w, https:\/\/institutoanastacio.com\/wp-content\/uploads\/2024\/07\/4-300x260.jpg 300w, https:\/\/institutoanastacio.com\/wp-content\/uploads\/2024\/07\/4-14x12.jpg 14w\" sizes=\"(max-width: 350px) 100vw, 350px\" \/>\t\t\t\t\t\t\t\t\t\t\t\t\t\t\t<\/div>\n\t\t\t\t<\/div>\n\t\t\t\t<div class=\"elementor-element elementor-element-52b3f4b elementor-widget elementor-widget-image\" data-id=\"52b3f4b\" data-element_type=\"widget\" data-widget_type=\"image.default\">\n\t\t\t\t<div class=\"elementor-widget-container\">\n\t\t\t\t\t\t\t\t\t\t\t\t\t\t\t<img decoding=\"async\" width=\"374\" height=\"130\" src=\"https:\/\/institutoanastacio.com\/wp-content\/uploads\/2024\/07\/7-1.png\" class=\"attachment-large size-large wp-image-1593\" alt=\"\" srcset=\"https:\/\/institutoanastacio.com\/wp-content\/uploads\/2024\/07\/7-1.png 374w, https:\/\/institutoanastacio.com\/wp-content\/uploads\/2024\/07\/7-1-300x104.png 300w, https:\/\/institutoanastacio.com\/wp-content\/uploads\/2024\/07\/7-1-18x6.png 18w\" sizes=\"(max-width: 374px) 100vw, 374px\" \/>\t\t\t\t\t\t\t\t\t\t\t\t\t\t\t<\/div>\n\t\t\t\t<\/div>\n\t\t\t\t<\/div>\n\t\t<div class=\"elementor-element elementor-element-24aa897 e-grid e-con-full e-con e-child\" data-id=\"24aa897\" data-element_type=\"container\" data-settings=\"{&quot;jet_parallax_layout_list&quot;:[]}\">\n\t\t\t\t<div class=\"elementor-element elementor-element-c9bc05e elementor-widget elementor-widget-image\" data-id=\"c9bc05e\" data-element_type=\"widget\" data-widget_type=\"image.default\">\n\t\t\t\t<div class=\"elementor-widget-container\">\n\t\t\t\t\t\t\t\t\t\t\t\t<figure class=\"wp-caption\">\n\t\t\t\t\t\t\t\t\t\t<img loading=\"lazy\" decoding=\"async\" width=\"240\" height=\"329\" src=\"https:\/\/institutoanastacio.com\/wp-content\/uploads\/2024\/07\/2.png\" class=\"attachment-large size-large wp-image-1584\" alt=\"\" srcset=\"https:\/\/institutoanastacio.com\/wp-content\/uploads\/2024\/07\/2.png 240w, https:\/\/institutoanastacio.com\/wp-content\/uploads\/2024\/07\/2-219x300.png 219w, https:\/\/institutoanastacio.com\/wp-content\/uploads\/2024\/07\/2-9x12.png 9w\" sizes=\"(max-width: 240px) 100vw, 240px\" \/>\t\t\t\t\t\t\t\t\t\t\t<figcaption class=\"widget-image-caption wp-caption-text\"><\/figcaption>\n\t\t\t\t\t\t\t\t\t\t<\/figure>\n\t\t\t\t\t\t\t\t\t<\/div>\n\t\t\t\t<\/div>\n\t\t\t\t<div class=\"elementor-element elementor-element-13a6ae9 elementor-widget elementor-widget-image\" data-id=\"13a6ae9\" data-element_type=\"widget\" data-widget_type=\"image.default\">\n\t\t\t\t<div class=\"elementor-widget-container\">\n\t\t\t\t\t\t\t\t\t\t\t\t\t\t\t<img loading=\"lazy\" decoding=\"async\" width=\"245\" height=\"129\" src=\"https:\/\/institutoanastacio.com\/wp-content\/uploads\/2024\/07\/5.png\" class=\"attachment-large size-large wp-image-1587\" alt=\"\" srcset=\"https:\/\/institutoanastacio.com\/wp-content\/uploads\/2024\/07\/5.png 245w, https:\/\/institutoanastacio.com\/wp-content\/uploads\/2024\/07\/5-18x9.png 18w\" sizes=\"(max-width: 245px) 100vw, 245px\" \/>\t\t\t\t\t\t\t\t\t\t\t\t\t\t\t<\/div>\n\t\t\t\t<\/div>\n\t\t\t\t<div class=\"elementor-element elementor-element-f4cfab6 elementor-widget elementor-widget-image\" data-id=\"f4cfab6\" data-element_type=\"widget\" data-widget_type=\"image.default\">\n\t\t\t\t<div class=\"elementor-widget-container\">\n\t\t\t\t\t\t\t\t\t\t\t\t\t\t\t<img loading=\"lazy\" decoding=\"async\" width=\"101\" height=\"101\" src=\"https:\/\/institutoanastacio.com\/wp-content\/uploads\/2024\/07\/8.png\" class=\"attachment-large size-large wp-image-1590\" alt=\"\" srcset=\"https:\/\/institutoanastacio.com\/wp-content\/uploads\/2024\/07\/8.png 101w, https:\/\/institutoanastacio.com\/wp-content\/uploads\/2024\/07\/8-12x12.png 12w\" sizes=\"(max-width: 101px) 100vw, 101px\" \/>\t\t\t\t\t\t\t\t\t\t\t\t\t\t\t<\/div>\n\t\t\t\t<\/div>\n\t\t\t\t<\/div>\n\t\t<div class=\"elementor-element elementor-element-af00122 e-grid e-con-full e-con e-child\" data-id=\"af00122\" data-element_type=\"container\" data-settings=\"{&quot;jet_parallax_layout_list&quot;:[]}\">\n\t\t\t\t<div class=\"elementor-element elementor-element-ed8878e elementor-widget elementor-widget-image\" data-id=\"ed8878e\" data-element_type=\"widget\" data-widget_type=\"image.default\">\n\t\t\t\t<div class=\"elementor-widget-container\">\n\t\t\t\t\t\t\t\t\t\t\t\t\t\t\t<img loading=\"lazy\" decoding=\"async\" width=\"800\" height=\"172\" src=\"https:\/\/institutoanastacio.com\/wp-content\/uploads\/2024\/07\/3-1-1024x220.png\" class=\"attachment-large size-large wp-image-1592\" alt=\"\" srcset=\"https:\/\/institutoanastacio.com\/wp-content\/uploads\/2024\/07\/3-1-1024x220.png 1024w, https:\/\/institutoanastacio.com\/wp-content\/uploads\/2024\/07\/3-1-300x65.png 300w, https:\/\/institutoanastacio.com\/wp-content\/uploads\/2024\/07\/3-1-768x165.png 768w, https:\/\/institutoanastacio.com\/wp-content\/uploads\/2024\/07\/3-1-1536x330.png 1536w, https:\/\/institutoanastacio.com\/wp-content\/uploads\/2024\/07\/3-1-18x4.png 18w, https:\/\/institutoanastacio.com\/wp-content\/uploads\/2024\/07\/3-1.png 1600w\" sizes=\"(max-width: 800px) 100vw, 800px\" \/>\t\t\t\t\t\t\t\t\t\t\t\t\t\t\t<\/div>\n\t\t\t\t<\/div>\n\t\t\t\t<div class=\"elementor-element elementor-element-1e3d37c elementor-widget elementor-widget-image\" data-id=\"1e3d37c\" data-element_type=\"widget\" data-widget_type=\"image.default\">\n\t\t\t\t<div class=\"elementor-widget-container\">\n\t\t\t\t\t\t\t\t\t\t\t\t\t\t\t<img loading=\"lazy\" decoding=\"async\" width=\"309\" height=\"99\" src=\"https:\/\/institutoanastacio.com\/wp-content\/uploads\/2024\/07\/6.png\" class=\"attachment-large size-large wp-image-1588\" alt=\"\" srcset=\"https:\/\/institutoanastacio.com\/wp-content\/uploads\/2024\/07\/6.png 309w, https:\/\/institutoanastacio.com\/wp-content\/uploads\/2024\/07\/6-300x96.png 300w, https:\/\/institutoanastacio.com\/wp-content\/uploads\/2024\/07\/6-18x6.png 18w\" sizes=\"(max-width: 309px) 100vw, 309px\" \/>\t\t\t\t\t\t\t\t\t\t\t\t\t\t\t<\/div>\n\t\t\t\t<\/div>\n\t\t\t\t<div class=\"elementor-element elementor-element-6ce4d18 elementor-widget elementor-widget-image\" data-id=\"6ce4d18\" data-element_type=\"widget\" data-widget_type=\"image.default\">\n\t\t\t\t<div class=\"elementor-widget-container\">\n\t\t\t\t\t\t\t\t\t\t\t\t\t\t\t<img loading=\"lazy\" decoding=\"async\" width=\"89\" height=\"98\" src=\"https:\/\/institutoanastacio.com\/wp-content\/uploads\/2024\/07\/9.png\" class=\"attachment-large size-large wp-image-1591\" alt=\"\" srcset=\"https:\/\/institutoanastacio.com\/wp-content\/uploads\/2024\/07\/9.png 89w, https:\/\/institutoanastacio.com\/wp-content\/uploads\/2024\/07\/9-11x12.png 11w\" sizes=\"(max-width: 89px) 100vw, 89px\" \/>\t\t\t\t\t\t\t\t\t\t\t\t\t\t\t<\/div>\n\t\t\t\t<\/div>\n\t\t\t\t<\/div>\n\t\t\t\t<\/div>\n\t\t\t\t\t<\/div>\n\t\t\t\t<\/div>\n\t\t<div class=\"elementor-element elementor-element-312c0f7 e-flex e-con-boxed e-con e-parent\" data-id=\"312c0f7\" data-element_type=\"container\" data-settings=\"{&quot;jet_parallax_layout_list&quot;:[]}\">\n\t\t\t\t\t<div class=\"e-con-inner\">\n\t\t\t\t<div class=\"elementor-element elementor-element-ac733b7 elementor-widget elementor-widget-shortcode\" data-id=\"ac733b7\" data-element_type=\"widget\" data-widget_type=\"shortcode.default\">\n\t\t\t\t<div class=\"elementor-widget-container\">\n\t\t\t\t\t\t\t<div class=\"elementor-shortcode\">\t\t<div data-elementor-type=\"container\" data-elementor-id=\"1754\" class=\"elementor elementor-1754\" data-elementor-post-type=\"elementor_library\">\n\t\t\t\t<footer class=\"elementor-element elementor-element-ec30654 e-flex e-con-boxed e-con e-parent\" data-id=\"ec30654\" data-element_type=\"container\" data-settings=\"{&quot;background_background&quot;:&quot;classic&quot;,&quot;jet_parallax_layout_list&quot;:[]}\">\n\t\t\t\t\t<div class=\"e-con-inner\">\n\t\t\t\t<div class=\"elementor-element elementor-element-16c7610 elementor-widget elementor-widget-heading\" data-id=\"16c7610\" data-element_type=\"widget\" data-widget_type=\"heading.default\">\n\t\t\t\t<div class=\"elementor-widget-container\">\n\t\t\t\t\t<h2 class=\"elementor-heading-title elementor-size-default\">Quer ser um parceiro ?<\/h2>\t\t\t\t<\/div>\n\t\t\t\t<\/div>\n\t\t\t\t<div class=\"elementor-element elementor-element-a7a1eab elementor-align-center elementor-widget elementor-widget-button\" data-id=\"a7a1eab\" data-element_type=\"widget\" data-widget_type=\"button.default\">\n\t\t\t\t<div class=\"elementor-widget-container\">\n\t\t\t\t\t\t\t\t\t<div class=\"elementor-button-wrapper\">\n\t\t\t\t\t<a class=\"elementor-button elementor-button-link elementor-size-sm\" href=\"https:\/\/institutoanastacio.com\/en\/contato\/\">\n\t\t\t\t\t\t<span class=\"elementor-button-content-wrapper\">\n\t\t\t\t\t\t\t\t\t<span class=\"elementor-button-text\">SAIBA MAIS<\/span>\n\t\t\t\t\t<\/span>\n\t\t\t\t\t<\/a>\n\t\t\t\t<\/div>\n\t\t\t\t\t\t\t\t<\/div>\n\t\t\t\t<\/div>\n\t\t\t\t\t<\/div>\n\t\t\t\t<\/footer>\n\t\t\t\t<\/div>\n\t\t<\/div>\n\t\t\t\t\t\t<\/div>\n\t\t\t\t<\/div>\n\t\t\t\t\t<\/div>\n\t\t\t\t<\/div>\n\t\t\t\t<\/div>","protected":false},"excerpt":{"rendered":"<p>Apoio via incentivo fiscal Reconhecemos que nem sempre \u00e9 poss\u00edvel participar de todas as a\u00e7\u00f5es de forma ativa. Porisso, apoiamos diversas ONGs e institui\u00e7\u00f5es trimestralmente atrav\u00e9s de incentivo fiscal. Estefinanciamento \u00e9 crucial para a realiza\u00e7\u00e3o ou expans\u00e3o de projetos sociais e ambientais quebeneficiam a comunidade. Benef\u00edcios do programa: \u00a0Apoio cont\u00ednuo a diversas ONGs e institui\u00e7\u00f5es [&hellip;]<\/p>","protected":false},"author":1,"featured_media":0,"parent":212,"menu_order":0,"comment_status":"closed","ping_status":"closed","template":"","meta":{"footnotes":""},"categoria":[32],"class_list":["post-1609","page","type-page","status-publish","hentry","categoria-pt"],"yoast_head":"<!-- This site is optimized with the Yoast SEO Premium plugin v22.0 (Yoast SEO v25.3) - https:\/\/yoast.com\/wordpress\/plugins\/seo\/ -->\n<title>Apoio via incentivo fiscal - Instituto Anastacio<\/title>\n<meta name=\"robots\" content=\"index, follow, max-snippet:-1, max-image-preview:large, max-video-preview:-1\" \/>\n<link rel=\"canonical\" href=\"https:\/\/institutoanastacio.com\/en\/nossos-projetos\/apoio-via-incentivo-fiscal\/\" \/>\n<meta property=\"og:locale\" content=\"en_US\" \/>\n<meta property=\"og:type\" content=\"article\" \/>\n<meta property=\"og:title\" content=\"Apoio via incentivo fiscal\" \/>\n<meta property=\"og:description\" content=\"Apoio via incentivo fiscal Reconhecemos que nem sempre \u00e9 poss\u00edvel participar de todas as a\u00e7\u00f5es de forma ativa. Porisso, apoiamos diversas ONGs e institui\u00e7\u00f5es trimestralmente atrav\u00e9s de incentivo fiscal. Estefinanciamento \u00e9 crucial para a realiza\u00e7\u00e3o ou expans\u00e3o de projetos sociais e ambientais quebeneficiam a comunidade. Benef\u00edcios do programa: \u00a0Apoio cont\u00ednuo a diversas ONGs e institui\u00e7\u00f5es [&hellip;]\" \/>\n<meta property=\"og:url\" content=\"https:\/\/institutoanastacio.com\/en\/nossos-projetos\/apoio-via-incentivo-fiscal\/\" \/>\n<meta property=\"og:site_name\" content=\"Instituto Anastacio\" \/>\n<meta property=\"article:publisher\" content=\"https:\/\/www.facebook.com\/quimicaanastacio\/\" \/>\n<meta property=\"article:modified_time\" content=\"2024-07-29T23:36:39+00:00\" \/>\n<meta property=\"og:image\" content=\"https:\/\/institutoanastacio.com\/wp-content\/uploads\/2024\/07\/1.png\" \/>\n<meta name=\"twitter:card\" content=\"summary_large_image\" \/>\n<meta name=\"twitter:label1\" content=\"Est. reading time\" \/>\n\t<meta name=\"twitter:data1\" content=\"3 minutes\" \/>\n<script type=\"application\/ld+json\" class=\"yoast-schema-graph\">{\"@context\":\"https:\/\/schema.org\",\"@graph\":[{\"@type\":\"WebPage\",\"@id\":\"https:\/\/institutoanastacio.com\/nossos-projetos\/apoio-via-incentivo-fiscal\/\",\"url\":\"https:\/\/institutoanastacio.com\/nossos-projetos\/apoio-via-incentivo-fiscal\/\",\"name\":\"Apoio via incentivo fiscal - Instituto Anastacio\",\"isPartOf\":{\"@id\":\"https:\/\/institutoanastacio.com\/#website\"},\"primaryImageOfPage\":{\"@id\":\"https:\/\/institutoanastacio.com\/nossos-projetos\/apoio-via-incentivo-fiscal\/#primaryimage\"},\"image\":{\"@id\":\"https:\/\/institutoanastacio.com\/nossos-projetos\/apoio-via-incentivo-fiscal\/#primaryimage\"},\"thumbnailUrl\":\"https:\/\/institutoanastacio.com\/wp-content\/uploads\/2024\/07\/1.png\",\"datePublished\":\"2024-07-24T18:47:02+00:00\",\"dateModified\":\"2024-07-29T23:36:39+00:00\",\"breadcrumb\":{\"@id\":\"https:\/\/institutoanastacio.com\/nossos-projetos\/apoio-via-incentivo-fiscal\/#breadcrumb\"},\"inLanguage\":\"en-US\",\"potentialAction\":[{\"@type\":\"ReadAction\",\"target\":[\"https:\/\/institutoanastacio.com\/nossos-projetos\/apoio-via-incentivo-fiscal\/\"]}]},{\"@type\":\"ImageObject\",\"inLanguage\":\"en-US\",\"@id\":\"https:\/\/institutoanastacio.com\/nossos-projetos\/apoio-via-incentivo-fiscal\/#primaryimage\",\"url\":\"https:\/\/institutoanastacio.com\/wp-content\/uploads\/2024\/07\/1.png\",\"contentUrl\":\"https:\/\/institutoanastacio.com\/wp-content\/uploads\/2024\/07\/1.png\"},{\"@type\":\"BreadcrumbList\",\"@id\":\"https:\/\/institutoanastacio.com\/nossos-projetos\/apoio-via-incentivo-fiscal\/#breadcrumb\",\"itemListElement\":[{\"@type\":\"ListItem\",\"position\":1,\"name\":\"Home\",\"item\":\"https:\/\/institutoanastacio.com\/\"},{\"@type\":\"ListItem\",\"position\":2,\"name\":\"Nossos projetos\",\"item\":\"https:\/\/institutoanastacio.com\/nossos-projetos\/\"},{\"@type\":\"ListItem\",\"position\":3,\"name\":\"Apoio via incentivo fiscal\"}]},{\"@type\":\"WebSite\",\"@id\":\"https:\/\/institutoanastacio.com\/#website\",\"url\":\"https:\/\/institutoanastacio.com\/\",\"name\":\"Instituto Anastacio\",\"description\":\"Conectar e transformar \u00e9 a nossa qu\u00edmica.\",\"publisher\":{\"@id\":\"https:\/\/institutoanastacio.com\/#organization\"},\"potentialAction\":[{\"@type\":\"SearchAction\",\"target\":{\"@type\":\"EntryPoint\",\"urlTemplate\":\"https:\/\/institutoanastacio.com\/?s={search_term_string}\"},\"query-input\":{\"@type\":\"PropertyValueSpecification\",\"valueRequired\":true,\"valueName\":\"search_term_string\"}}],\"inLanguage\":\"en-US\"},{\"@type\":\"Organization\",\"@id\":\"https:\/\/institutoanastacio.com\/#organization\",\"name\":\"Instituto Anastacio\",\"url\":\"https:\/\/institutoanastacio.com\/\",\"logo\":{\"@type\":\"ImageObject\",\"inLanguage\":\"en-US\",\"@id\":\"https:\/\/institutoanastacio.com\/#\/schema\/logo\/image\/\",\"url\":\"https:\/\/institutoanastacio.com\/wp-content\/uploads\/2023\/11\/Sem-Titulo-7.png\",\"contentUrl\":\"https:\/\/institutoanastacio.com\/wp-content\/uploads\/2023\/11\/Sem-Titulo-7.png\",\"width\":209,\"height\":63,\"caption\":\"Instituto Anastacio\"},\"image\":{\"@id\":\"https:\/\/institutoanastacio.com\/#\/schema\/logo\/image\/\"},\"sameAs\":[\"https:\/\/www.facebook.com\/quimicaanastacio\/\",\"https:\/\/www.youtube.com\/channel\/UCburaLM-iHKEJ1QESrXzi3w\",\"https:\/\/www.instagram.com\/quimicaanastacio\/\"]}]}<\/script>\n<!-- \/ Yoast SEO Premium plugin. -->","yoast_head_json":{"title":"Apoio via incentivo fiscal - Instituto Anastacio","robots":{"index":"index","follow":"follow","max-snippet":"max-snippet:-1","max-image-preview":"max-image-preview:large","max-video-preview":"max-video-preview:-1"},"canonical":"https:\/\/institutoanastacio.com\/en\/nossos-projetos\/apoio-via-incentivo-fiscal\/","og_locale":"en_US","og_type":"article","og_title":"Apoio via incentivo fiscal","og_description":"Apoio via incentivo fiscal Reconhecemos que nem sempre \u00e9 poss\u00edvel participar de todas as a\u00e7\u00f5es de forma ativa. Porisso, apoiamos diversas ONGs e institui\u00e7\u00f5es trimestralmente atrav\u00e9s de incentivo fiscal. Estefinanciamento \u00e9 crucial para a realiza\u00e7\u00e3o ou expans\u00e3o de projetos sociais e ambientais quebeneficiam a comunidade. Benef\u00edcios do programa: \u00a0Apoio cont\u00ednuo a diversas ONGs e institui\u00e7\u00f5es [&hellip;]","og_url":"https:\/\/institutoanastacio.com\/en\/nossos-projetos\/apoio-via-incentivo-fiscal\/","og_site_name":"Instituto Anastacio","article_publisher":"https:\/\/www.facebook.com\/quimicaanastacio\/","article_modified_time":"2024-07-29T23:36:39+00:00","og_image":[{"url":"https:\/\/institutoanastacio.com\/wp-content\/uploads\/2024\/07\/1.png","type":"","width":"","height":""}],"twitter_card":"summary_large_image","twitter_misc":{"Est. reading time":"3 minutes"},"schema":{"@context":"https:\/\/schema.org","@graph":[{"@type":"WebPage","@id":"https:\/\/institutoanastacio.com\/nossos-projetos\/apoio-via-incentivo-fiscal\/","url":"https:\/\/institutoanastacio.com\/nossos-projetos\/apoio-via-incentivo-fiscal\/","name":"Apoio via incentivo fiscal - Instituto Anastacio","isPartOf":{"@id":"https:\/\/institutoanastacio.com\/#website"},"primaryImageOfPage":{"@id":"https:\/\/institutoanastacio.com\/nossos-projetos\/apoio-via-incentivo-fiscal\/#primaryimage"},"image":{"@id":"https:\/\/institutoanastacio.com\/nossos-projetos\/apoio-via-incentivo-fiscal\/#primaryimage"},"thumbnailUrl":"https:\/\/institutoanastacio.com\/wp-content\/uploads\/2024\/07\/1.png","datePublished":"2024-07-24T18:47:02+00:00","dateModified":"2024-07-29T23:36:39+00:00","breadcrumb":{"@id":"https:\/\/institutoanastacio.com\/nossos-projetos\/apoio-via-incentivo-fiscal\/#breadcrumb"},"inLanguage":"en-US","potentialAction":[{"@type":"ReadAction","target":["https:\/\/institutoanastacio.com\/nossos-projetos\/apoio-via-incentivo-fiscal\/"]}]},{"@type":"ImageObject","inLanguage":"en-US","@id":"https:\/\/institutoanastacio.com\/nossos-projetos\/apoio-via-incentivo-fiscal\/#primaryimage","url":"https:\/\/institutoanastacio.com\/wp-content\/uploads\/2024\/07\/1.png","contentUrl":"https:\/\/institutoanastacio.com\/wp-content\/uploads\/2024\/07\/1.png"},{"@type":"BreadcrumbList","@id":"https:\/\/institutoanastacio.com\/nossos-projetos\/apoio-via-incentivo-fiscal\/#breadcrumb","itemListElement":[{"@type":"ListItem","position":1,"name":"Home","item":"https:\/\/institutoanastacio.com\/"},{"@type":"ListItem","position":2,"name":"Nossos projetos","item":"https:\/\/institutoanastacio.com\/nossos-projetos\/"},{"@type":"ListItem","position":3,"name":"Apoio via incentivo fiscal"}]},{"@type":"WebSite","@id":"https:\/\/institutoanastacio.com\/#website","url":"https:\/\/institutoanastacio.com\/","name":"Instituto Anastacio","description":"Conectar e transformar \u00e9 a nossa qu\u00edmica.","publisher":{"@id":"https:\/\/institutoanastacio.com\/#organization"},"potentialAction":[{"@type":"SearchAction","target":{"@type":"EntryPoint","urlTemplate":"https:\/\/institutoanastacio.com\/?s={search_term_string}"},"query-input":{"@type":"PropertyValueSpecification","valueRequired":true,"valueName":"search_term_string"}}],"inLanguage":"en-US"},{"@type":"Organization","@id":"https:\/\/institutoanastacio.com\/#organization","name":"Instituto Anastacio","url":"https:\/\/institutoanastacio.com\/","logo":{"@type":"ImageObject","inLanguage":"en-US","@id":"https:\/\/institutoanastacio.com\/#\/schema\/logo\/image\/","url":"https:\/\/institutoanastacio.com\/wp-content\/uploads\/2023\/11\/Sem-Titulo-7.png","contentUrl":"https:\/\/institutoanastacio.com\/wp-content\/uploads\/2023\/11\/Sem-Titulo-7.png","width":209,"height":63,"caption":"Instituto Anastacio"},"image":{"@id":"https:\/\/institutoanastacio.com\/#\/schema\/logo\/image\/"},"sameAs":["https:\/\/www.facebook.com\/quimicaanastacio\/","https:\/\/www.youtube.com\/channel\/UCburaLM-iHKEJ1QESrXzi3w","https:\/\/www.instagram.com\/quimicaanastacio\/"]}]}},"_links":{"self":[{"href":"https:\/\/institutoanastacio.com\/en\/wp-json\/wp\/v2\/pages\/1609","targetHints":{"allow":["GET"]}}],"collection":[{"href":"https:\/\/institutoanastacio.com\/en\/wp-json\/wp\/v2\/pages"}],"about":[{"href":"https:\/\/institutoanastacio.com\/en\/wp-json\/wp\/v2\/types\/page"}],"author":[{"embeddable":true,"href":"https:\/\/institutoanastacio.com\/en\/wp-json\/wp\/v2\/users\/1"}],"replies":[{"embeddable":true,"href":"https:\/\/institutoanastacio.com\/en\/wp-json\/wp\/v2\/comments?post=1609"}],"version-history":[{"count":85,"href":"https:\/\/institutoanastacio.com\/en\/wp-json\/wp\/v2\/pages\/1609\/revisions"}],"predecessor-version":[{"id":1765,"href":"https:\/\/institutoanastacio.com\/en\/wp-json\/wp\/v2\/pages\/1609\/revisions\/1765"}],"up":[{"embeddable":true,"href":"https:\/\/institutoanastacio.com\/en\/wp-json\/wp\/v2\/pages\/212"}],"wp:attachment":[{"href":"https:\/\/institutoanastacio.com\/en\/wp-json\/wp\/v2\/media?parent=1609"}],"wp:term":[{"taxonomy":"categoria","embeddable":true,"href":"https:\/\/institutoanastacio.com\/en\/wp-json\/wp\/v2\/categoria?post=1609"}],"curies":[{"name":"wp","href":"https:\/\/api.w.org\/{rel}","templated":true}]}}