{"id":1607,"date":"2024-07-24T18:45:57","date_gmt":"2024-07-24T18:45:57","guid":{"rendered":"https:\/\/institutoanastacio.com\/?page_id=1607"},"modified":"2025-04-17T16:48:47","modified_gmt":"2025-04-17T16:48:47","slug":"voluntariado-corporativo","status":"publish","type":"page","link":"https:\/\/institutoanastacio.com\/en\/nossos-projetos\/voluntariado-corporativo\/","title":{"rendered":"Voluntariado corporativo"},"content":{"rendered":"<div data-elementor-type=\"wp-page\" data-elementor-id=\"1607\" class=\"elementor elementor-1607\" data-elementor-post-type=\"page\">\n\t\t\t\t<header class=\"elementor-element elementor-element-6975176 e-flex e-con-boxed elementor-invisible e-con e-parent\" data-id=\"6975176\" data-element_type=\"container\" data-settings=\"{&quot;background_background&quot;:&quot;classic&quot;,&quot;jet_parallax_layout_list&quot;:[],&quot;animation&quot;:&quot;fadeIn&quot;}\">\n\t\t\t\t\t<div class=\"e-con-inner\">\n\t\t\t\t\t<\/div>\n\t\t\t\t<\/header>\n\t\t<div class=\"elementor-element elementor-element-2701001 e-flex e-con-boxed e-con e-parent\" data-id=\"2701001\" data-element_type=\"container\" data-settings=\"{&quot;jet_parallax_layout_list&quot;:[]}\">\n\t\t\t\t\t<div class=\"e-con-inner\">\n\t\t\t\t<div class=\"elementor-element elementor-element-600d30c elementor-widget elementor-widget-menu-anchor\" data-id=\"600d30c\" data-element_type=\"widget\" data-widget_type=\"menu-anchor.default\">\n\t\t\t\t<div class=\"elementor-widget-container\">\n\t\t\t\t\t\t\t<div class=\"elementor-menu-anchor\" id=\"voluntario\"><\/div>\n\t\t\t\t\t\t<\/div>\n\t\t\t\t<\/div>\n\t\t\t\t<div class=\"elementor-element elementor-element-63a2812 elementor-widget elementor-widget-heading\" data-id=\"63a2812\" data-element_type=\"widget\" data-widget_type=\"heading.default\">\n\t\t\t\t<div class=\"elementor-widget-container\">\n\t\t\t\t\t<h2 class=\"elementor-heading-title elementor-size-default\">Voluntariado corporativo<\/h2>\t\t\t\t<\/div>\n\t\t\t\t<\/div>\n\t\t\t\t<div class=\"elementor-element elementor-element-4285162 elementor-widget elementor-widget-text-editor\" data-id=\"4285162\" data-element_type=\"widget\" data-widget_type=\"text-editor.default\">\n\t\t\t\t<div class=\"elementor-widget-container\">\n\t\t\t\t\t\t\t\t\t<p>Nosso programa de voluntariado corporativo tem como objetivo estimular a participa\u00e7\u00e3o dos<br \/>colaboradores em a\u00e7\u00f5es sociais e socioambientais. Os colaboradores doam seu tempo, criam<br \/>campanhas de arrecada\u00e7\u00e3o e participam de diversos projetos ao longo do ano.<\/p>\t\t\t\t\t\t\t\t<\/div>\n\t\t\t\t<\/div>\n\t\t<div class=\"elementor-element elementor-element-cfd3aeb e-grid e-con-full e-con e-child\" data-id=\"cfd3aeb\" data-element_type=\"container\" data-settings=\"{&quot;jet_parallax_layout_list&quot;:[]}\">\n\t\t\t\t<div class=\"elementor-element elementor-element-670ec20 elementor-widget elementor-widget-image\" data-id=\"670ec20\" data-element_type=\"widget\" data-widget_type=\"image.default\">\n\t\t\t\t<div class=\"elementor-widget-container\">\n\t\t\t\t\t\t\t\t\t\t\t\t\t\t\t<img fetchpriority=\"high\" decoding=\"async\" width=\"768\" height=\"1024\" src=\"https:\/\/institutoanastacio.com\/wp-content\/uploads\/2024\/08\/Imagem-do-WhatsApp-de-2024-04-07-as-13.37.08_8457939b-768x1024.jpg\" class=\"attachment-large size-large wp-image-1819\" alt=\"\" srcset=\"https:\/\/institutoanastacio.com\/wp-content\/uploads\/2024\/08\/Imagem-do-WhatsApp-de-2024-04-07-as-13.37.08_8457939b-768x1024.jpg 768w, https:\/\/institutoanastacio.com\/wp-content\/uploads\/2024\/08\/Imagem-do-WhatsApp-de-2024-04-07-as-13.37.08_8457939b-225x300.jpg 225w, https:\/\/institutoanastacio.com\/wp-content\/uploads\/2024\/08\/Imagem-do-WhatsApp-de-2024-04-07-as-13.37.08_8457939b-1152x1536.jpg 1152w, https:\/\/institutoanastacio.com\/wp-content\/uploads\/2024\/08\/Imagem-do-WhatsApp-de-2024-04-07-as-13.37.08_8457939b-9x12.jpg 9w, https:\/\/institutoanastacio.com\/wp-content\/uploads\/2024\/08\/Imagem-do-WhatsApp-de-2024-04-07-as-13.37.08_8457939b.jpg 1200w\" sizes=\"(max-width: 768px) 100vw, 768px\" \/>\t\t\t\t\t\t\t\t\t\t\t\t\t\t\t<\/div>\n\t\t\t\t<\/div>\n\t\t\t\t<div class=\"elementor-element elementor-element-4dc9b5d elementor-widget elementor-widget-image\" data-id=\"4dc9b5d\" data-element_type=\"widget\" data-widget_type=\"image.default\">\n\t\t\t\t<div class=\"elementor-widget-container\">\n\t\t\t\t\t\t\t\t\t\t\t\t\t\t\t<img decoding=\"async\" width=\"800\" height=\"534\" src=\"https:\/\/institutoanastacio.com\/wp-content\/uploads\/2024\/08\/IMG7-1024x683.jpeg\" class=\"attachment-large size-large wp-image-1820\" alt=\"\" srcset=\"https:\/\/institutoanastacio.com\/wp-content\/uploads\/2024\/08\/IMG7-1024x683.jpeg 1024w, https:\/\/institutoanastacio.com\/wp-content\/uploads\/2024\/08\/IMG7-300x200.jpeg 300w, https:\/\/institutoanastacio.com\/wp-content\/uploads\/2024\/08\/IMG7-768x512.jpeg 768w, https:\/\/institutoanastacio.com\/wp-content\/uploads\/2024\/08\/IMG7-1536x1024.jpeg 1536w, https:\/\/institutoanastacio.com\/wp-content\/uploads\/2024\/08\/IMG7-2048x1365.jpeg 2048w, https:\/\/institutoanastacio.com\/wp-content\/uploads\/2024\/08\/IMG7-18x12.jpeg 18w\" sizes=\"(max-width: 800px) 100vw, 800px\" \/>\t\t\t\t\t\t\t\t\t\t\t\t\t\t\t<\/div>\n\t\t\t\t<\/div>\n\t\t\t\t<div class=\"elementor-element elementor-element-b1df64c elementor-widget elementor-widget-image\" data-id=\"b1df64c\" data-element_type=\"widget\" data-widget_type=\"image.default\">\n\t\t\t\t<div class=\"elementor-widget-container\">\n\t\t\t\t\t\t\t\t\t\t\t\t\t\t\t<img decoding=\"async\" width=\"800\" height=\"600\" src=\"https:\/\/institutoanastacio.com\/wp-content\/uploads\/2024\/08\/Image-27.png\" class=\"attachment-large size-large wp-image-1824\" alt=\"\" srcset=\"https:\/\/institutoanastacio.com\/wp-content\/uploads\/2024\/08\/Image-27.png 800w, https:\/\/institutoanastacio.com\/wp-content\/uploads\/2024\/08\/Image-27-300x225.png 300w, https:\/\/institutoanastacio.com\/wp-content\/uploads\/2024\/08\/Image-27-768x576.png 768w, https:\/\/institutoanastacio.com\/wp-content\/uploads\/2024\/08\/Image-27-16x12.png 16w\" sizes=\"(max-width: 800px) 100vw, 800px\" \/>\t\t\t\t\t\t\t\t\t\t\t\t\t\t\t<\/div>\n\t\t\t\t<\/div>\n\t\t\t\t<\/div>\n\t\t\t\t\t<\/div>\n\t\t\t\t<\/div>\n\t\t<div class=\"elementor-element elementor-element-670aefa e-flex e-con-boxed e-con e-parent\" data-id=\"670aefa\" data-element_type=\"container\" data-settings=\"{&quot;jet_parallax_layout_list&quot;:[],&quot;background_background&quot;:&quot;classic&quot;}\">\n\t\t\t\t\t<div class=\"e-con-inner\">\n\t\t<div class=\"elementor-element elementor-element-0b60a23 e-con-full e-flex e-con e-child\" data-id=\"0b60a23\" data-element_type=\"container\" data-settings=\"{&quot;jet_parallax_layout_list&quot;:[]}\">\n\t\t\t\t<div class=\"elementor-element elementor-element-684fb80 elementor-widget elementor-widget-heading\" data-id=\"684fb80\" data-element_type=\"widget\" data-widget_type=\"heading.default\">\n\t\t\t\t<div class=\"elementor-widget-container\">\n\t\t\t\t\t<h3 class=\"elementor-heading-title elementor-size-default\">Conhe\u00e7a nosso<br> Manual do<br> Voluntariado<\/h3>\t\t\t\t<\/div>\n\t\t\t\t<\/div>\n\t\t\t\t<div class=\"elementor-element elementor-element-1ab33af elementor-widget elementor-widget-button\" data-id=\"1ab33af\" data-element_type=\"widget\" data-widget_type=\"button.default\">\n\t\t\t\t<div class=\"elementor-widget-container\">\n\t\t\t\t\t\t\t\t\t<div class=\"elementor-button-wrapper\">\n\t\t\t\t\t<a class=\"elementor-button elementor-button-link elementor-size-sm elementor-animation-grow\" href=\"https:\/\/institutoanastacio.com\/wp-content\/uploads\/2025\/04\/3301_Anastacio_ManualdoVoluntariado_Fev25.pdf\" target=\"_blank\">\n\t\t\t\t\t\t<span class=\"elementor-button-content-wrapper\">\n\t\t\t\t\t\t<span class=\"elementor-button-icon\">\n\t\t\t\t<svg aria-hidden=\"true\" class=\"e-font-icon-svg e-fas-download\" viewbox=\"0 0 512 512\" xmlns=\"http:\/\/www.w3.org\/2000\/svg\"><path d=\"M216 0h80c13.3 0 24 10.7 24 24v168h87.7c17.8 0 26.7 21.5 14.1 34.1L269.7 378.3c-7.5 7.5-19.8 7.5-27.3 0L90.1 226.1c-12.6-12.6-3.7-34.1 14.1-34.1H192V24c0-13.3 10.7-24 24-24zm296 376v112c0 13.3-10.7 24-24 24H24c-13.3 0-24-10.7-24-24V376c0-13.3 10.7-24 24-24h146.7l49 49c20.1 20.1 52.5 20.1 72.6 0l49-49H488c13.3 0 24 10.7 24 24zm-124 88c0-11-9-20-20-20s-20 9-20 20 9 20 20 20 20-9 20-20zm64 0c0-11-9-20-20-20s-20 9-20 20 9 20 20 20 20-9 20-20z\"><\/path><\/svg>\t\t\t<\/span>\n\t\t\t\t\t\t\t\t\t<span class=\"elementor-button-text\">BAIXAR<\/span>\n\t\t\t\t\t<\/span>\n\t\t\t\t\t<\/a>\n\t\t\t\t<\/div>\n\t\t\t\t\t\t\t\t<\/div>\n\t\t\t\t<\/div>\n\t\t\t\t<\/div>\n\t\t<div class=\"elementor-element elementor-element-1a952ed e-flex e-con-boxed e-con e-child\" data-id=\"1a952ed\" data-element_type=\"container\" data-settings=\"{&quot;jet_parallax_layout_list&quot;:[]}\">\n\t\t\t\t\t<div class=\"e-con-inner\">\n\t\t\t\t<div class=\"elementor-element elementor-element-3511786 elementor-widget elementor-widget-image\" data-id=\"3511786\" data-element_type=\"widget\" data-widget_type=\"image.default\">\n\t\t\t\t<div class=\"elementor-widget-container\">\n\t\t\t\t\t\t\t\t\t\t\t\t\t\t\t<img loading=\"lazy\" decoding=\"async\" width=\"575\" height=\"320\" src=\"https:\/\/institutoanastacio.com\/wp-content\/uploads\/2025\/04\/manual-voluntariado-v1.png\" class=\"attachment-large size-large wp-image-1962\" alt=\"\" srcset=\"https:\/\/institutoanastacio.com\/wp-content\/uploads\/2025\/04\/manual-voluntariado-v1.png 575w, https:\/\/institutoanastacio.com\/wp-content\/uploads\/2025\/04\/manual-voluntariado-v1-300x167.png 300w, https:\/\/institutoanastacio.com\/wp-content\/uploads\/2025\/04\/manual-voluntariado-v1-18x10.png 18w\" sizes=\"(max-width: 575px) 100vw, 575px\" \/>\t\t\t\t\t\t\t\t\t\t\t\t\t\t\t<\/div>\n\t\t\t\t<\/div>\n\t\t\t\t\t<\/div>\n\t\t\t\t<\/div>\n\t\t\t\t\t<\/div>\n\t\t\t\t<\/div>\n\t\t<div class=\"elementor-element elementor-element-c27c122 e-flex e-con-boxed e-con e-parent\" data-id=\"c27c122\" data-element_type=\"container\" data-settings=\"{&quot;jet_parallax_layout_list&quot;:[]}\">\n\t\t\t\t\t<div class=\"e-con-inner\">\n\t\t\t\t<div class=\"elementor-element elementor-element-5bfe6f1 elementor-widget elementor-widget-shortcode\" data-id=\"5bfe6f1\" data-element_type=\"widget\" data-widget_type=\"shortcode.default\">\n\t\t\t\t<div class=\"elementor-widget-container\">\n\t\t\t\t\t\t\t<div class=\"elementor-shortcode\">\t\t<div data-elementor-type=\"container\" data-elementor-id=\"1754\" class=\"elementor elementor-1754\" data-elementor-post-type=\"elementor_library\">\n\t\t\t\t<footer class=\"elementor-element elementor-element-ec30654 e-flex e-con-boxed e-con e-parent\" data-id=\"ec30654\" data-element_type=\"container\" data-settings=\"{&quot;background_background&quot;:&quot;classic&quot;,&quot;jet_parallax_layout_list&quot;:[]}\">\n\t\t\t\t\t<div class=\"e-con-inner\">\n\t\t\t\t<div class=\"elementor-element elementor-element-16c7610 elementor-widget elementor-widget-heading\" data-id=\"16c7610\" data-element_type=\"widget\" data-widget_type=\"heading.default\">\n\t\t\t\t<div class=\"elementor-widget-container\">\n\t\t\t\t\t<h2 class=\"elementor-heading-title elementor-size-default\">Quer ser um parceiro ?<\/h2>\t\t\t\t<\/div>\n\t\t\t\t<\/div>\n\t\t\t\t<div class=\"elementor-element elementor-element-a7a1eab elementor-align-center elementor-widget elementor-widget-button\" data-id=\"a7a1eab\" data-element_type=\"widget\" data-widget_type=\"button.default\">\n\t\t\t\t<div class=\"elementor-widget-container\">\n\t\t\t\t\t\t\t\t\t<div class=\"elementor-button-wrapper\">\n\t\t\t\t\t<a class=\"elementor-button elementor-button-link elementor-size-sm\" href=\"https:\/\/institutoanastacio.com\/en\/contato\/\">\n\t\t\t\t\t\t<span class=\"elementor-button-content-wrapper\">\n\t\t\t\t\t\t\t\t\t<span class=\"elementor-button-text\">SAIBA MAIS<\/span>\n\t\t\t\t\t<\/span>\n\t\t\t\t\t<\/a>\n\t\t\t\t<\/div>\n\t\t\t\t\t\t\t\t<\/div>\n\t\t\t\t<\/div>\n\t\t\t\t\t<\/div>\n\t\t\t\t<\/footer>\n\t\t\t\t<\/div>\n\t\t<\/div>\n\t\t\t\t\t\t<\/div>\n\t\t\t\t<\/div>\n\t\t\t\t\t<\/div>\n\t\t\t\t<\/div>\n\t\t\t\t<\/div>","protected":false},"excerpt":{"rendered":"<p>Voluntariado corporativo Nosso programa de voluntariado corporativo tem como objetivo estimular a participa\u00e7\u00e3o doscolaboradores em a\u00e7\u00f5es sociais e socioambientais. Os colaboradores doam seu tempo, criamcampanhas de arrecada\u00e7\u00e3o e participam de diversos projetos ao longo do ano. Conhe\u00e7a nosso Manual do Voluntariado BAIXAR<\/p>","protected":false},"author":1,"featured_media":0,"parent":212,"menu_order":0,"comment_status":"closed","ping_status":"closed","template":"","meta":{"footnotes":""},"categoria":[32],"class_list":["post-1607","page","type-page","status-publish","hentry","categoria-pt"],"yoast_head":"<!-- This site is optimized with the Yoast SEO Premium plugin v22.0 (Yoast SEO v25.3) - https:\/\/yoast.com\/wordpress\/plugins\/seo\/ -->\n<title>Voluntariado corporativo - Instituto Anastacio<\/title>\n<meta name=\"robots\" content=\"index, follow, max-snippet:-1, max-image-preview:large, max-video-preview:-1\" \/>\n<link rel=\"canonical\" href=\"https:\/\/institutoanastacio.com\/en\/nossos-projetos\/voluntariado-corporativo\/\" \/>\n<meta property=\"og:locale\" content=\"en_US\" \/>\n<meta property=\"og:type\" content=\"article\" \/>\n<meta property=\"og:title\" content=\"Voluntariado corporativo\" \/>\n<meta property=\"og:description\" content=\"Voluntariado corporativo Nosso programa de voluntariado corporativo tem como objetivo estimular a participa\u00e7\u00e3o doscolaboradores em a\u00e7\u00f5es sociais e socioambientais. Os colaboradores doam seu tempo, criamcampanhas de arrecada\u00e7\u00e3o e participam de diversos projetos ao longo do ano. Conhe\u00e7a nosso Manual do Voluntariado BAIXAR\" \/>\n<meta property=\"og:url\" content=\"https:\/\/institutoanastacio.com\/en\/nossos-projetos\/voluntariado-corporativo\/\" \/>\n<meta property=\"og:site_name\" content=\"Instituto Anastacio\" \/>\n<meta property=\"article:publisher\" content=\"https:\/\/www.facebook.com\/quimicaanastacio\/\" \/>\n<meta property=\"article:modified_time\" content=\"2025-04-17T16:48:47+00:00\" \/>\n<meta property=\"og:image\" content=\"https:\/\/institutoanastacio.com\/wp-content\/uploads\/2024\/08\/Imagem-do-WhatsApp-de-2024-04-07-as-13.37.08_8457939b-768x1024.jpg\" \/>\n<meta name=\"twitter:card\" content=\"summary_large_image\" \/>\n<meta name=\"twitter:label1\" content=\"Est. reading time\" \/>\n\t<meta name=\"twitter:data1\" content=\"2 minutes\" \/>\n<script type=\"application\/ld+json\" class=\"yoast-schema-graph\">{\"@context\":\"https:\/\/schema.org\",\"@graph\":[{\"@type\":\"WebPage\",\"@id\":\"https:\/\/institutoanastacio.com\/nossos-projetos\/voluntariado-corporativo\/\",\"url\":\"https:\/\/institutoanastacio.com\/nossos-projetos\/voluntariado-corporativo\/\",\"name\":\"Voluntariado corporativo - Instituto Anastacio\",\"isPartOf\":{\"@id\":\"https:\/\/institutoanastacio.com\/#website\"},\"primaryImageOfPage\":{\"@id\":\"https:\/\/institutoanastacio.com\/nossos-projetos\/voluntariado-corporativo\/#primaryimage\"},\"image\":{\"@id\":\"https:\/\/institutoanastacio.com\/nossos-projetos\/voluntariado-corporativo\/#primaryimage\"},\"thumbnailUrl\":\"https:\/\/institutoanastacio.com\/wp-content\/uploads\/2024\/08\/Imagem-do-WhatsApp-de-2024-04-07-as-13.37.08_8457939b-768x1024.jpg\",\"datePublished\":\"2024-07-24T18:45:57+00:00\",\"dateModified\":\"2025-04-17T16:48:47+00:00\",\"breadcrumb\":{\"@id\":\"https:\/\/institutoanastacio.com\/nossos-projetos\/voluntariado-corporativo\/#breadcrumb\"},\"inLanguage\":\"en-US\",\"potentialAction\":[{\"@type\":\"ReadAction\",\"target\":[\"https:\/\/institutoanastacio.com\/nossos-projetos\/voluntariado-corporativo\/\"]}]},{\"@type\":\"ImageObject\",\"inLanguage\":\"en-US\",\"@id\":\"https:\/\/institutoanastacio.com\/nossos-projetos\/voluntariado-corporativo\/#primaryimage\",\"url\":\"https:\/\/institutoanastacio.com\/wp-content\/uploads\/2024\/08\/Imagem-do-WhatsApp-de-2024-04-07-as-13.37.08_8457939b-768x1024.jpg\",\"contentUrl\":\"https:\/\/institutoanastacio.com\/wp-content\/uploads\/2024\/08\/Imagem-do-WhatsApp-de-2024-04-07-as-13.37.08_8457939b-768x1024.jpg\"},{\"@type\":\"BreadcrumbList\",\"@id\":\"https:\/\/institutoanastacio.com\/nossos-projetos\/voluntariado-corporativo\/#breadcrumb\",\"itemListElement\":[{\"@type\":\"ListItem\",\"position\":1,\"name\":\"Home\",\"item\":\"https:\/\/institutoanastacio.com\/\"},{\"@type\":\"ListItem\",\"position\":2,\"name\":\"Nossos projetos\",\"item\":\"https:\/\/institutoanastacio.com\/nossos-projetos\/\"},{\"@type\":\"ListItem\",\"position\":3,\"name\":\"Voluntariado corporativo\"}]},{\"@type\":\"WebSite\",\"@id\":\"https:\/\/institutoanastacio.com\/#website\",\"url\":\"https:\/\/institutoanastacio.com\/\",\"name\":\"Instituto Anastacio\",\"description\":\"Conectar e transformar \u00e9 a nossa qu\u00edmica.\",\"publisher\":{\"@id\":\"https:\/\/institutoanastacio.com\/#organization\"},\"potentialAction\":[{\"@type\":\"SearchAction\",\"target\":{\"@type\":\"EntryPoint\",\"urlTemplate\":\"https:\/\/institutoanastacio.com\/?s={search_term_string}\"},\"query-input\":{\"@type\":\"PropertyValueSpecification\",\"valueRequired\":true,\"valueName\":\"search_term_string\"}}],\"inLanguage\":\"en-US\"},{\"@type\":\"Organization\",\"@id\":\"https:\/\/institutoanastacio.com\/#organization\",\"name\":\"Instituto Anastacio\",\"url\":\"https:\/\/institutoanastacio.com\/\",\"logo\":{\"@type\":\"ImageObject\",\"inLanguage\":\"en-US\",\"@id\":\"https:\/\/institutoanastacio.com\/#\/schema\/logo\/image\/\",\"url\":\"https:\/\/institutoanastacio.com\/wp-content\/uploads\/2023\/11\/Sem-Titulo-7.png\",\"contentUrl\":\"https:\/\/institutoanastacio.com\/wp-content\/uploads\/2023\/11\/Sem-Titulo-7.png\",\"width\":209,\"height\":63,\"caption\":\"Instituto Anastacio\"},\"image\":{\"@id\":\"https:\/\/institutoanastacio.com\/#\/schema\/logo\/image\/\"},\"sameAs\":[\"https:\/\/www.facebook.com\/quimicaanastacio\/\",\"https:\/\/www.youtube.com\/channel\/UCburaLM-iHKEJ1QESrXzi3w\",\"https:\/\/www.instagram.com\/quimicaanastacio\/\"]}]}<\/script>\n<!-- \/ Yoast SEO Premium plugin. -->","yoast_head_json":{"title":"Voluntariado corporativo - Instituto Anastacio","robots":{"index":"index","follow":"follow","max-snippet":"max-snippet:-1","max-image-preview":"max-image-preview:large","max-video-preview":"max-video-preview:-1"},"canonical":"https:\/\/institutoanastacio.com\/en\/nossos-projetos\/voluntariado-corporativo\/","og_locale":"en_US","og_type":"article","og_title":"Voluntariado corporativo","og_description":"Voluntariado corporativo Nosso programa de voluntariado corporativo tem como objetivo estimular a participa\u00e7\u00e3o doscolaboradores em a\u00e7\u00f5es sociais e socioambientais. Os colaboradores doam seu tempo, criamcampanhas de arrecada\u00e7\u00e3o e participam de diversos projetos ao longo do ano. Conhe\u00e7a nosso Manual do Voluntariado BAIXAR","og_url":"https:\/\/institutoanastacio.com\/en\/nossos-projetos\/voluntariado-corporativo\/","og_site_name":"Instituto Anastacio","article_publisher":"https:\/\/www.facebook.com\/quimicaanastacio\/","article_modified_time":"2025-04-17T16:48:47+00:00","og_image":[{"url":"https:\/\/institutoanastacio.com\/wp-content\/uploads\/2024\/08\/Imagem-do-WhatsApp-de-2024-04-07-as-13.37.08_8457939b-768x1024.jpg","type":"","width":"","height":""}],"twitter_card":"summary_large_image","twitter_misc":{"Est. reading time":"2 minutes"},"schema":{"@context":"https:\/\/schema.org","@graph":[{"@type":"WebPage","@id":"https:\/\/institutoanastacio.com\/nossos-projetos\/voluntariado-corporativo\/","url":"https:\/\/institutoanastacio.com\/nossos-projetos\/voluntariado-corporativo\/","name":"Voluntariado corporativo - Instituto Anastacio","isPartOf":{"@id":"https:\/\/institutoanastacio.com\/#website"},"primaryImageOfPage":{"@id":"https:\/\/institutoanastacio.com\/nossos-projetos\/voluntariado-corporativo\/#primaryimage"},"image":{"@id":"https:\/\/institutoanastacio.com\/nossos-projetos\/voluntariado-corporativo\/#primaryimage"},"thumbnailUrl":"https:\/\/institutoanastacio.com\/wp-content\/uploads\/2024\/08\/Imagem-do-WhatsApp-de-2024-04-07-as-13.37.08_8457939b-768x1024.jpg","datePublished":"2024-07-24T18:45:57+00:00","dateModified":"2025-04-17T16:48:47+00:00","breadcrumb":{"@id":"https:\/\/institutoanastacio.com\/nossos-projetos\/voluntariado-corporativo\/#breadcrumb"},"inLanguage":"en-US","potentialAction":[{"@type":"ReadAction","target":["https:\/\/institutoanastacio.com\/nossos-projetos\/voluntariado-corporativo\/"]}]},{"@type":"ImageObject","inLanguage":"en-US","@id":"https:\/\/institutoanastacio.com\/nossos-projetos\/voluntariado-corporativo\/#primaryimage","url":"https:\/\/institutoanastacio.com\/wp-content\/uploads\/2024\/08\/Imagem-do-WhatsApp-de-2024-04-07-as-13.37.08_8457939b-768x1024.jpg","contentUrl":"https:\/\/institutoanastacio.com\/wp-content\/uploads\/2024\/08\/Imagem-do-WhatsApp-de-2024-04-07-as-13.37.08_8457939b-768x1024.jpg"},{"@type":"BreadcrumbList","@id":"https:\/\/institutoanastacio.com\/nossos-projetos\/voluntariado-corporativo\/#breadcrumb","itemListElement":[{"@type":"ListItem","position":1,"name":"Home","item":"https:\/\/institutoanastacio.com\/"},{"@type":"ListItem","position":2,"name":"Nossos projetos","item":"https:\/\/institutoanastacio.com\/nossos-projetos\/"},{"@type":"ListItem","position":3,"name":"Voluntariado corporativo"}]},{"@type":"WebSite","@id":"https:\/\/institutoanastacio.com\/#website","url":"https:\/\/institutoanastacio.com\/","name":"Instituto Anastacio","description":"Conectar e transformar \u00e9 a nossa qu\u00edmica.","publisher":{"@id":"https:\/\/institutoanastacio.com\/#organization"},"potentialAction":[{"@type":"SearchAction","target":{"@type":"EntryPoint","urlTemplate":"https:\/\/institutoanastacio.com\/?s={search_term_string}"},"query-input":{"@type":"PropertyValueSpecification","valueRequired":true,"valueName":"search_term_string"}}],"inLanguage":"en-US"},{"@type":"Organization","@id":"https:\/\/institutoanastacio.com\/#organization","name":"Instituto Anastacio","url":"https:\/\/institutoanastacio.com\/","logo":{"@type":"ImageObject","inLanguage":"en-US","@id":"https:\/\/institutoanastacio.com\/#\/schema\/logo\/image\/","url":"https:\/\/institutoanastacio.com\/wp-content\/uploads\/2023\/11\/Sem-Titulo-7.png","contentUrl":"https:\/\/institutoanastacio.com\/wp-content\/uploads\/2023\/11\/Sem-Titulo-7.png","width":209,"height":63,"caption":"Instituto Anastacio"},"image":{"@id":"https:\/\/institutoanastacio.com\/#\/schema\/logo\/image\/"},"sameAs":["https:\/\/www.facebook.com\/quimicaanastacio\/","https:\/\/www.youtube.com\/channel\/UCburaLM-iHKEJ1QESrXzi3w","https:\/\/www.instagram.com\/quimicaanastacio\/"]}]}},"_links":{"self":[{"href":"https:\/\/institutoanastacio.com\/en\/wp-json\/wp\/v2\/pages\/1607","targetHints":{"allow":["GET"]}}],"collection":[{"href":"https:\/\/institutoanastacio.com\/en\/wp-json\/wp\/v2\/pages"}],"about":[{"href":"https:\/\/institutoanastacio.com\/en\/wp-json\/wp\/v2\/types\/page"}],"author":[{"embeddable":true,"href":"https:\/\/institutoanastacio.com\/en\/wp-json\/wp\/v2\/users\/1"}],"replies":[{"embeddable":true,"href":"https:\/\/institutoanastacio.com\/en\/wp-json\/wp\/v2\/comments?post=1607"}],"version-history":[{"count":25,"href":"https:\/\/institutoanastacio.com\/en\/wp-json\/wp\/v2\/pages\/1607\/revisions"}],"predecessor-version":[{"id":2038,"href":"https:\/\/institutoanastacio.com\/en\/wp-json\/wp\/v2\/pages\/1607\/revisions\/2038"}],"up":[{"embeddable":true,"href":"https:\/\/institutoanastacio.com\/en\/wp-json\/wp\/v2\/pages\/212"}],"wp:attachment":[{"href":"https:\/\/institutoanastacio.com\/en\/wp-json\/wp\/v2\/media?parent=1607"}],"wp:term":[{"taxonomy":"categoria","embeddable":true,"href":"https:\/\/institutoanastacio.com\/en\/wp-json\/wp\/v2\/categoria?post=1607"}],"curies":[{"name":"wp","href":"https:\/\/api.w.org\/{rel}","templated":true}]}}